{"id":702,"date":"2020-06-26T14:08:46","date_gmt":"2020-06-26T12:08:46","guid":{"rendered":"https:\/\/gematec-ag.ch\/machines\/to-sell\/"},"modified":"2022-06-20T19:56:32","modified_gmt":"2022-06-20T17:56:32","slug":"to-sell","status":"publish","type":"page","link":"https:\/\/gematec-ag.ch\/en\/machines\/to-sell\/","title":{"rendered":"to sell"},"content":{"rendered":"<p>[et_pb_section fb_built=&#8221;1&#8243; fullwidth=&#8221;on&#8221; _builder_version=&#8221;4.16&#8243; background_image=&#8221;https:\/\/gematec-ag.ch\/wp-content\/uploads\/2020\/06\/BBC_2419-blue.jpg&#8221; global_colors_info=&#8221;{}&#8221;][et_pb_fullwidth_header title=&#8221;precision mechanics&#8221; subhead=&#8221;machines&#8221; _builder_version=&#8221;4.16&#8243; background_image=&#8221;https:\/\/gematec-ag.ch\/wp-content\/uploads\/2020\/06\/BBC_2419-blue.jpg&#8221; global_colors_info=&#8221;{}&#8221;][\/et_pb_fullwidth_header][\/et_pb_section][et_pb_section fb_built=&#8221;1&#8243; _builder_version=&#8221;4.16&#8243; global_colors_info=&#8221;{}&#8221;][et_pb_row column_structure=&#8221;1_2,1_2&#8243; _builder_version=&#8221;4.16&#8243; global_colors_info=&#8221;{}&#8221;][et_pb_column type=&#8221;1_2&#8243; _builder_version=&#8221;4.16&#8243; global_colors_info=&#8221;{}&#8221;][et_pb_text _builder_version=&#8221;4.16&#8243; global_colors_info=&#8221;{}&#8221;]<\/p>\n<h3>to sell<\/h3>\n<p>&nbsp;<\/p>\n<h3>CNC-Fr\u00e4smaschine<\/h3>\n<p>Mikron UCP 1000 mit 5 Achsen Bearbeitungscenter<\/p>\n<ul>\n<li>X 800 Y 1000 Z 750mm<\/li>\n<li>1500er Spindel<\/li>\n<li>60bar Innenk\u00fchlung<\/li>\n<li>Produktionspaket mit Kantspaltfilter<\/li>\n<li>800er Rundtisch schwenkbar<\/li>\n<li>vollwertige C+A Achse simultan<\/li>\n<li>Fr\u00e4skopf schwenkbar 90 Grad<\/li>\n<li>60er Werkzeugmagazin<\/li>\n<\/ul>\n<p>Verkaufspreis: CHF 39&#8217;900.-[\/et_pb_text][\/et_pb_column][et_pb_column type=&#8221;1_2&#8243; _builder_version=&#8221;4.16&#8243; global_colors_info=&#8221;{}&#8221;][et_pb_slider _builder_version=&#8221;4.16&#8243; height=&#8221;400px&#8221; global_colors_info=&#8221;{}&#8221;][et_pb_slide _builder_version=&#8221;4.16&#8243; background_image=&#8221;https:\/\/gematec-ag.ch\/wp-content\/uploads\/2020\/06\/DSCN0745-scaled.jpg&#8221; background_enable_image=&#8221;on&#8221; global_colors_info=&#8221;{}&#8221; sticky_transition=&#8221;on&#8221;][\/et_pb_slide][\/et_pb_slider][\/et_pb_column][\/et_pb_row][et_pb_row column_structure=&#8221;1_2,1_2&#8243; _builder_version=&#8221;4.16&#8243; global_colors_info=&#8221;{}&#8221;][et_pb_column type=&#8221;1_2&#8243; _builder_version=&#8221;4.16&#8243; global_colors_info=&#8221;{}&#8221;][et_pb_text _builder_version=&#8221;4.16&#8243; global_colors_info=&#8221;{}&#8221;]<\/p>\n<h3>Honmachine<\/h3>\n<p>Honmachine Gehring KS500-90 P with accessories<\/p>\n<ul>\n<li>working range \u00d816mm \u2013 \u00d890mm x 400<\/li>\n<li>stroke length max. 485mm, min. 5mm<\/li>\n<li>spindle end table retracted 915mm, extended 1400mm<\/li>\n<li>spindle center column 247mm<\/li>\n<li>stroke speed max. 20m<\/li>\n<li>measuring device ME7-201<\/li>\n<li>year of manufacture 1979<\/li>\n<li>dimension width 110cm, depth 160cm, height 270cm<\/li>\n<li>weight approx\u00a0 2500kg<\/li>\n<li>good condition<\/li>\n<\/ul>\n<p>price: CHF 5&#8217;000.-[\/et_pb_text][\/et_pb_column][et_pb_column type=&#8221;1_2&#8243; _builder_version=&#8221;4.16&#8243; global_colors_info=&#8221;{}&#8221;][et_pb_image src=&#8221;https:\/\/gematec-ag.ch\/wp-content\/uploads\/2021\/07\/Honmaschine.jpg&#8221; title_text=&#8221;Honmachine&#8221; _builder_version=&#8221;4.16&#8243; _module_preset=&#8221;default&#8221; global_colors_info=&#8221;{}&#8221;][\/et_pb_image][\/et_pb_column][\/et_pb_row][et_pb_row column_structure=&#8221;1_2,1_2&#8243; _builder_version=&#8221;4.17.1&#8243; _module_preset=&#8221;default&#8221; min_height=&#8221;517.2px&#8221; global_colors_info=&#8221;{}&#8221;][et_pb_column type=&#8221;1_2&#8243; _builder_version=&#8221;4.17.1&#8243; _module_preset=&#8221;default&#8221; global_colors_info=&#8221;{}&#8221;][et_pb_text _builder_version=&#8221;4.17.1&#8243; _module_preset=&#8221;default&#8221; global_colors_info=&#8221;{}&#8221;]<\/p>\n<h3>CNC-lathe Hyundai KIT 450<\/h3>\n<ul>\n<li>bench diameter \u00d8165mm<\/li>\n<li>turning length 320mm<\/li>\n<li>X-axis 450mm, Z-axis 300mm<\/li>\n<li>rotation speed 6000<\/li>\n<li>15 kW<\/li>\n<li>steering Fanuc OI-TC<\/li>\n<li>Sp\u00e4nef\u00f6rderer<\/li>\n<li>length 3120mm, broad 1586mm, height 1750mm<\/li>\n<li>weight 2700kg<\/li>\n<li>year 11\/2006<\/li>\n<\/ul>\n<p>price: CHF 19&#8217;990.-[\/et_pb_text][\/et_pb_column][et_pb_column type=&#8221;1_2&#8243; _builder_version=&#8221;4.17.1&#8243; _module_preset=&#8221;default&#8221; global_colors_info=&#8221;{}&#8221;][et_pb_image src=&#8221;https:\/\/gematec-ag.ch\/wp-content\/uploads\/2022\/06\/DSCN0938-scaled.jpg&#8221; title_text=&#8221;DSCN0938&#8243; _builder_version=&#8221;4.17.1&#8243; _module_preset=&#8221;default&#8221; global_colors_info=&#8221;{}&#8221;][\/et_pb_image][\/et_pb_column][\/et_pb_row][et_pb_row column_structure=&#8221;1_2,1_2&#8243; _builder_version=&#8221;4.17.1&#8243; _module_preset=&#8221;default&#8221; global_colors_info=&#8221;{}&#8221;][et_pb_column type=&#8221;1_2&#8243; _builder_version=&#8221;4.17.1&#8243; _module_preset=&#8221;default&#8221; global_colors_info=&#8221;{}&#8221;][et_pb_text _builder_version=&#8221;4.17.1&#8243; _module_preset=&#8221;default&#8221; global_colors_info=&#8221;{}&#8221;]<\/p>\n<h3>thread milling machine Monnier + Zahner<\/h3>\n<p>Typ M544<\/p>\n<ul>\n<li>with accessories<\/li>\n<\/ul>\n<p>price: CHF 8&#8217;500.-[\/et_pb_text][\/et_pb_column][et_pb_column type=&#8221;1_2&#8243; _builder_version=&#8221;4.17.1&#8243; _module_preset=&#8221;default&#8221; global_colors_info=&#8221;{}&#8221;][et_pb_image src=&#8221;https:\/\/gematec-ag.ch\/wp-content\/uploads\/2022\/06\/DSCN0943-scaled.jpg&#8221; title_text=&#8221;DSCN0943&#8243; _builder_version=&#8221;4.17.1&#8243; _module_preset=&#8221;default&#8221; global_colors_info=&#8221;{}&#8221;][\/et_pb_image][\/et_pb_column][\/et_pb_row][\/et_pb_section]<\/p>\n","protected":false},"excerpt":{"rendered":"<p>to sell &nbsp; CNC-Fr\u00e4smaschine Mikron UCP 1000 mit 5 Achsen Bearbeitungscenter X 800 Y 1000 Z 750mm 1500er Spindel 60bar Innenk\u00fchlung Produktionspaket mit Kantspaltfilter 800er Rundtisch schwenkbar vollwertige C+A Achse simultan Fr\u00e4skopf schwenkbar 90 Grad 60er Werkzeugmagazin Verkaufspreis: CHF 39&#8217;900.-Honmachine Honmachine Gehring KS500-90 P with accessories working range \u00d816mm \u2013 \u00d890mm x 400 stroke length [&hellip;]<\/p>\n","protected":false},"author":1,"featured_media":0,"parent":675,"menu_order":0,"comment_status":"closed","ping_status":"closed","template":"","meta":{"_et_pb_use_builder":"on","_et_pb_old_content":"","_et_gb_content_width":"","footnotes":""},"yoast_head":"<!-- This site is optimized with the Yoast SEO plugin v23.0 - https:\/\/yoast.com\/wordpress\/plugins\/seo\/ -->\n<title>to sell - GEMATEC AG<\/title>\n<meta name=\"robots\" content=\"index, follow, max-snippet:-1, max-image-preview:large, max-video-preview:-1\" \/>\n<link rel=\"canonical\" href=\"https:\/\/gematec-ag.ch\/en\/machines\/to-sell\/\" \/>\n<meta property=\"og:locale\" content=\"en_US\" \/>\n<meta property=\"og:type\" content=\"article\" \/>\n<meta property=\"og:title\" content=\"to sell - GEMATEC AG\" \/>\n<meta property=\"og:description\" content=\"to sell &nbsp; CNC-Fr\u00e4smaschine Mikron UCP 1000 mit 5 Achsen Bearbeitungscenter X 800 Y 1000 Z 750mm 1500er Spindel 60bar Innenk\u00fchlung Produktionspaket mit Kantspaltfilter 800er Rundtisch schwenkbar vollwertige C+A Achse simultan Fr\u00e4skopf schwenkbar 90 Grad 60er Werkzeugmagazin Verkaufspreis: CHF 39&#039;900.-Honmachine Honmachine Gehring KS500-90 P with accessories working range \u00d816mm \u2013 \u00d890mm x 400 stroke length [&hellip;]\" \/>\n<meta property=\"og:url\" content=\"https:\/\/gematec-ag.ch\/en\/machines\/to-sell\/\" \/>\n<meta property=\"og:site_name\" content=\"GEMATEC AG\" \/>\n<meta property=\"article:modified_time\" content=\"2022-06-20T17:56:32+00:00\" \/>\n<meta name=\"twitter:card\" content=\"summary_large_image\" \/>\n<meta name=\"twitter:label1\" content=\"Est. reading time\" \/>\n\t<meta name=\"twitter:data1\" content=\"3 minutes\" \/>\n<script type=\"application\/ld+json\" class=\"yoast-schema-graph\">{\"@context\":\"https:\/\/schema.org\",\"@graph\":[{\"@type\":\"WebPage\",\"@id\":\"https:\/\/gematec-ag.ch\/en\/machines\/to-sell\/\",\"url\":\"https:\/\/gematec-ag.ch\/en\/machines\/to-sell\/\",\"name\":\"to sell - GEMATEC AG\",\"isPartOf\":{\"@id\":\"https:\/\/gematec-ag.ch\/en\/#website\"},\"datePublished\":\"2020-06-26T12:08:46+00:00\",\"dateModified\":\"2022-06-20T17:56:32+00:00\",\"breadcrumb\":{\"@id\":\"https:\/\/gematec-ag.ch\/en\/machines\/to-sell\/#breadcrumb\"},\"inLanguage\":\"en-US\",\"potentialAction\":[{\"@type\":\"ReadAction\",\"target\":[\"https:\/\/gematec-ag.ch\/en\/machines\/to-sell\/\"]}]},{\"@type\":\"BreadcrumbList\",\"@id\":\"https:\/\/gematec-ag.ch\/en\/machines\/to-sell\/#breadcrumb\",\"itemListElement\":[{\"@type\":\"ListItem\",\"position\":1,\"name\":\"Home\",\"item\":\"https:\/\/gematec-ag.ch\/en\/\"},{\"@type\":\"ListItem\",\"position\":2,\"name\":\"machines\",\"item\":\"https:\/\/gematec-ag.ch\/en\/machines\/\"},{\"@type\":\"ListItem\",\"position\":3,\"name\":\"to sell\"}]},{\"@type\":\"WebSite\",\"@id\":\"https:\/\/gematec-ag.ch\/en\/#website\",\"url\":\"https:\/\/gematec-ag.ch\/en\/\",\"name\":\"GEMATEC AG\",\"description\":\"Pr\u00e4zisionsmechanik\",\"potentialAction\":[{\"@type\":\"SearchAction\",\"target\":{\"@type\":\"EntryPoint\",\"urlTemplate\":\"https:\/\/gematec-ag.ch\/en\/?s={search_term_string}\"},\"query-input\":\"required name=search_term_string\"}],\"inLanguage\":\"en-US\"}]}<\/script>\n<!-- \/ Yoast SEO plugin. -->","yoast_head_json":{"title":"to sell - GEMATEC AG","robots":{"index":"index","follow":"follow","max-snippet":"max-snippet:-1","max-image-preview":"max-image-preview:large","max-video-preview":"max-video-preview:-1"},"canonical":"https:\/\/gematec-ag.ch\/en\/machines\/to-sell\/","og_locale":"en_US","og_type":"article","og_title":"to sell - GEMATEC AG","og_description":"to sell &nbsp; CNC-Fr\u00e4smaschine Mikron UCP 1000 mit 5 Achsen Bearbeitungscenter X 800 Y 1000 Z 750mm 1500er Spindel 60bar Innenk\u00fchlung Produktionspaket mit Kantspaltfilter 800er Rundtisch schwenkbar vollwertige C+A Achse simultan Fr\u00e4skopf schwenkbar 90 Grad 60er Werkzeugmagazin Verkaufspreis: CHF 39'900.-Honmachine Honmachine Gehring KS500-90 P with accessories working range \u00d816mm \u2013 \u00d890mm x 400 stroke length [&hellip;]","og_url":"https:\/\/gematec-ag.ch\/en\/machines\/to-sell\/","og_site_name":"GEMATEC AG","article_modified_time":"2022-06-20T17:56:32+00:00","twitter_card":"summary_large_image","twitter_misc":{"Est. reading time":"3 minutes"},"schema":{"@context":"https:\/\/schema.org","@graph":[{"@type":"WebPage","@id":"https:\/\/gematec-ag.ch\/en\/machines\/to-sell\/","url":"https:\/\/gematec-ag.ch\/en\/machines\/to-sell\/","name":"to sell - GEMATEC AG","isPartOf":{"@id":"https:\/\/gematec-ag.ch\/en\/#website"},"datePublished":"2020-06-26T12:08:46+00:00","dateModified":"2022-06-20T17:56:32+00:00","breadcrumb":{"@id":"https:\/\/gematec-ag.ch\/en\/machines\/to-sell\/#breadcrumb"},"inLanguage":"en-US","potentialAction":[{"@type":"ReadAction","target":["https:\/\/gematec-ag.ch\/en\/machines\/to-sell\/"]}]},{"@type":"BreadcrumbList","@id":"https:\/\/gematec-ag.ch\/en\/machines\/to-sell\/#breadcrumb","itemListElement":[{"@type":"ListItem","position":1,"name":"Home","item":"https:\/\/gematec-ag.ch\/en\/"},{"@type":"ListItem","position":2,"name":"machines","item":"https:\/\/gematec-ag.ch\/en\/machines\/"},{"@type":"ListItem","position":3,"name":"to sell"}]},{"@type":"WebSite","@id":"https:\/\/gematec-ag.ch\/en\/#website","url":"https:\/\/gematec-ag.ch\/en\/","name":"GEMATEC AG","description":"Pr\u00e4zisionsmechanik","potentialAction":[{"@type":"SearchAction","target":{"@type":"EntryPoint","urlTemplate":"https:\/\/gematec-ag.ch\/en\/?s={search_term_string}"},"query-input":"required name=search_term_string"}],"inLanguage":"en-US"}]}},"publishpress_future_action":{"enabled":false,"date":"2026-04-27 10:22:01","action":"change-status","newStatus":"draft","terms":[],"taxonomy":"translation_priority"},"_links":{"self":[{"href":"https:\/\/gematec-ag.ch\/en\/wp-json\/wp\/v2\/pages\/702"}],"collection":[{"href":"https:\/\/gematec-ag.ch\/en\/wp-json\/wp\/v2\/pages"}],"about":[{"href":"https:\/\/gematec-ag.ch\/en\/wp-json\/wp\/v2\/types\/page"}],"author":[{"embeddable":true,"href":"https:\/\/gematec-ag.ch\/en\/wp-json\/wp\/v2\/users\/1"}],"replies":[{"embeddable":true,"href":"https:\/\/gematec-ag.ch\/en\/wp-json\/wp\/v2\/comments?post=702"}],"version-history":[{"count":17,"href":"https:\/\/gematec-ag.ch\/en\/wp-json\/wp\/v2\/pages\/702\/revisions"}],"predecessor-version":[{"id":1825,"href":"https:\/\/gematec-ag.ch\/en\/wp-json\/wp\/v2\/pages\/702\/revisions\/1825"}],"up":[{"embeddable":true,"href":"https:\/\/gematec-ag.ch\/en\/wp-json\/wp\/v2\/pages\/675"}],"wp:attachment":[{"href":"https:\/\/gematec-ag.ch\/en\/wp-json\/wp\/v2\/media?parent=702"}],"curies":[{"name":"wp","href":"https:\/\/api.w.org\/{rel}","templated":true}]}}